{"id":25,"date":"2018-12-05T12:44:22","date_gmt":"2018-12-05T12:44:22","guid":{"rendered":"https:\/\/wilmer.qodeinteractive.com\/?page_id=25"},"modified":"2021-07-06T08:39:34","modified_gmt":"2021-07-06T08:39:34","slug":"main-home","status":"publish","type":"page","link":"https:\/\/mvoinzenjering.com\/NOVONOVO\/","title":{"rendered":"Main Home"},"content":{"rendered":"<p>[vc_row row_btt_skin=&#8221;light&#8221; row_background_text_position=&#8221;front&#8221; row_background_text_align=&#8221;left&#8221; row_skin=&#8221;dark&#8221; row_background_text_1=&#8221;Usluge&#8221; row_background_text_size=&#8221;180px&#8221; row_background_text_padding_left=&#8221;238px&#8221; row_background_text_padding_top=&#8221;65px&#8221; row_background_text_padding_left_1440=&#8221;4.3%&#8221; row_background_text_size_1280=&#8221;180px&#8221; row_background_text_padding_left_1280=&#8221;4.3%&#8221; row_background_text_size_1440=&#8221;180px&#8221; row_background_text_color=&#8221;#dedfe0&#8243;][vc_column][mkdf_elements_holder holder_full_height=&#8221;no&#8221; number_of_columns=&#8221;one-column&#8221; switch_to_one_column=&#8221;&#8221; alignment_one_column=&#8221;&#8221;][mkdf_elements_holder_item item_padding=&#8221;142px 0 0 298px&#8221; item_padding_1025_1366=&#8221;142px 0 0 122px&#8221; item_padding_1367_1600=&#8221;142px 0 0 130px&#8221; item_padding_769_1024=&#8221;96px 0 0 125px&#8221; item_padding_681_768=&#8221;96px 0 0 81px&#8221; item_padding_680=&#8221;99px 0 0 35px&#8221;][vc_column_text]<\/p>\n<h1>Usluge<\/h1>\n<p>[\/vc_column_text][\/mkdf_elements_holder_item][\/mkdf_elements_holder][\/vc_column][\/vc_row][vc_row row_content_width=&#8221;grid&#8221; row_btt_skin=&#8221;light&#8221; content_text_aligment=&#8221;left&#8221; row_background_text_position=&#8221;front&#8221; row_skin=&#8221;dark&#8221; css=&#8221;.vc_custom_1556014589470{padding-top: 16px !important;padding-bottom: 62px !important;}&#8221;][vc_column width=&#8221;1\/2&#8243; offset=&#8221;vc_col-lg-offset-0 vc_col-lg-3 vc_col-md-offset-0 vc_col-md-6 vc_col-sm-offset-0&#8243;][mkdf_banner hover_behavior=&#8221;mkdf-hover-background-color&#8221; info_position=&#8221;default&#8221; subtitle_tag=&#8221;&#8221; title_tag=&#8221;h4&#8243; subtitle=&#8221;Usluga&#8221; subtitle_font_size=&#8221;12px&#8221; title=&#8221;Projektovanje&#8221; info_content_padding=&#8221;35px 22px 31px 0&#8243; title_top_margin=&#8221;-3&#8243;][vc_empty_space][\/vc_column][vc_column width=&#8221;1\/2&#8243; offset=&#8221;vc_col-lg-offset-0 vc_col-lg-3 vc_col-md-offset-0 vc_col-md-6 vc_col-sm-offset-0&#8243;][mkdf_banner hover_behavior=&#8221;mkdf-hover-background-color&#8221; info_position=&#8221;default&#8221; subtitle_tag=&#8221;&#8221; title_tag=&#8221;h4&#8243; subtitle=&#8221;Usluga&#8221; subtitle_font_size=&#8221;12px&#8221; title=&#8221;Enterijeri&#8221; info_content_padding=&#8221;35px 22px 31px 0&#8243; title_top_margin=&#8221;-3&#8243;][vc_empty_space][\/vc_column][vc_column width=&#8221;1\/2&#8243; offset=&#8221;vc_col-lg-offset-0 vc_col-lg-3 vc_col-md-offset-0 vc_col-md-6 vc_col-sm-offset-0&#8243;][mkdf_banner hover_behavior=&#8221;mkdf-hover-background-color&#8221; info_position=&#8221;default&#8221; subtitle_tag=&#8221;&#8221; title_tag=&#8221;h4&#8243; subtitle=&#8221;Usluga&#8221; subtitle_font_size=&#8221;12px&#8221; title=&#8221;Javni objekti&#8221; info_content_padding=&#8221;35px 22px 31px 0&#8243; title_top_margin=&#8221;-3&#8243;][vc_empty_space][\/vc_column][vc_column width=&#8221;1\/2&#8243; offset=&#8221;vc_col-lg-offset-0 vc_col-lg-3 vc_col-md-offset-0 vc_col-md-6 vc_col-sm-offset-0&#8243;][mkdf_banner hover_behavior=&#8221;mkdf-hover-background-color&#8221; info_position=&#8221;default&#8221; subtitle_tag=&#8221;&#8221; title_tag=&#8221;h4&#8243; subtitle=&#8221;Usluga&#8221; subtitle_font_size=&#8221;12px&#8221; title=&#8221;Sakralni objekti&#8221; info_content_padding=&#8221;35px 22px 31px 0&#8243; title_top_margin=&#8221;-3&#8243;][vc_empty_space][\/vc_column][\/vc_row][vc_row row_content_width=&#8221;grid&#8221; row_btt_skin=&#8221;light&#8221; enable_bg_pattern=&#8221;yes&#8221; row_background_text_position=&#8221;front&#8221; row_skin=&#8221;dark&#8221; css=&#8221;.vc_custom_1556014711710{padding-top: 40px !important;padding-bottom: 50px !important;}&#8221;][vc_column offset=&#8221;vc_col-lg-offset-0 vc_col-lg-12 vc_col-md-offset-0 vc_col-md-12 vc_col-sm-offset-0&#8243;][mkdf_elements_holder holder_full_height=&#8221;no&#8221; number_of_columns=&#8221;two-columns&#8221; switch_to_one_column=&#8221;1024&#8243; alignment_one_column=&#8221;&#8221;][mkdf_elements_holder_item item_padding=&#8221;0 0 0 0&#8243; item_padding_1025_1366=&#8221;0px 0px 0 0px&#8221; item_padding_769_1024=&#8221;0px 0px 0 0px&#8221; item_padding_681_768=&#8221;0px 0px 0 0px&#8221; item_padding_680=&#8221;0px 0px 0 0px&#8221; item_padding_1367_1600=&#8221;0px 0px 0 0px&#8221; custom_class=&#8221;mkdf-appearing-section&#8221;][mkdf_single_image enable_image_shadow=&#8221;no&#8221; image=&#8221;6879&#8243;][\/mkdf_elements_holder_item][mkdf_elements_holder_item item_padding=&#8221;0px 90px 8px 80px&#8221; item_padding_1025_1366=&#8221;0px 20px 0 50px&#8221; item_padding_769_1024=&#8221;57px 260px 0 0px&#8221; item_padding_681_768=&#8221;57px 120px 0 0px&#8221; item_padding_680=&#8221;57px 0px 0 0px&#8221; item_padding_1367_1600=&#8221;0px 120px 0 50px&#8221;][mkdf_section_title type=&#8221;standard&#8221; position=&#8221;&#8221; title_tag=&#8221;h2&#8243; disable_break_words=&#8221;no&#8221; text_tag=&#8221;&#8221; text_font_weight=&#8221;400&#8243; title=&#8221;Kompletni projekti&#8221; title_break_words=&#8221;2&#8243; text=&#8221;Za vas od prvog nacra do zavr\u0161enog objekta. Potpuno upravljanje projektovanja i gradnje.&#8221; text_font_size=&#8221;18&#8243; text_margin=&#8221;20&#8243; intro_title=&#8221;Usluge&#8221; text_line_height=&#8221;26&#8243; text_color=&#8221;#565969&#8243; intro_title_color=&#8221;#565969&#8243;][vc_empty_space][mkdf_button text=&#8221;Dalje&#8221; target=&#8221;_self&#8221; icon_pack=&#8221;&#8221; font_weight=&#8221;&#8221; text_transform=&#8221;&#8221; padding=&#8221;7px 38px&#8221;][\/mkdf_elements_holder_item][\/mkdf_elements_holder][\/vc_column][\/vc_row][vc_row row_btt_skin=&#8221;light&#8221; row_background_text_position=&#8221;front&#8221; row_background_text_align=&#8221;left&#8221; row_skin=&#8221;light&#8221; row_background_text_1=&#8221;Projekti&#8221; row_background_text_size=&#8221;180px&#8221; row_background_text_padding_left=&#8221;238px&#8221; row_background_text_padding_top=&#8221;65px&#8221; simple_background_color=&#8221;#00235a&#8221; row_background_text_padding_left_1440=&#8221;4.3%&#8221; row_background_text_size_1440=&#8221;180px&#8221; row_background_text_size_1280=&#8221;180px&#8221; row_background_text_padding_left_1280=&#8221;4.3%&#8221; row_background_text_color=&#8221;#1e3c6f&#8221;][vc_column][mkdf_elements_holder holder_full_height=&#8221;no&#8221; number_of_columns=&#8221;one-column&#8221; switch_to_one_column=&#8221;&#8221; alignment_one_column=&#8221;&#8221;][mkdf_elements_holder_item item_padding=&#8221;142px 0 0 298px&#8221; item_padding_1367_1600=&#8221;142px 0 0 130px&#8221; item_padding_1025_1366=&#8221;142px 0 0 122px&#8221; item_padding_769_1024=&#8221;96px 0 0 118px&#8221; item_padding_681_768=&#8221;96px 0 0 73px&#8221; item_padding_680=&#8221;99px 0 0 35px&#8221;][vc_column_text]<\/p>\n<h1 style=\"color: #ffffff;\">Projekti<\/h1>\n<p>[\/vc_column_text][\/mkdf_elements_holder_item][\/mkdf_elements_holder][\/vc_column][\/vc_row][vc_row row_btt_skin=&#8221;light&#8221; row_background_text_position=&#8221;front&#8221; row_skin=&#8221;light&#8221; css=&#8221;.vc_custom_1556014839575{padding-top: 43px !important;padding-bottom: 116px !important;}&#8221; simple_background_color=&#8221;#00235a&#8221;][vc_column css=&#8221;.vc_custom_1547558003509{padding-right: 0px !important;}&#8221;][mkdf_elements_holder holder_full_height=&#8221;no&#8221; number_of_columns=&#8221;one-column&#8221; switch_to_one_column=&#8221;&#8221; alignment_one_column=&#8221;&#8221;][mkdf_elements_holder_item item_padding=&#8221;0 0 0 317px&#8221; item_padding_1367_1600=&#8221;0 0 2px 78px&#8221; item_padding_1025_1366=&#8221;0 0 4px 139px&#8221; item_padding_769_1024=&#8221;0 0 0px 135px&#8221; item_padding_681_768=&#8221;0 0 0px 92px&#8221; item_padding_680=&#8221;35px 0 45px 36px&#8221;][mkdf_portfolio_slider navigation_position=&#8221;left-from-slider&#8221; space_between_items=&#8221;normal&#8221; image_proportions=&#8221;full&#8221; orderby=&#8221;date&#8221; order=&#8221;ASC&#8221; item_style=&#8221;standard-shader&#8221; enable_excerpt=&#8221;yes&#8221; readmore=&#8221;yes&#8221; enable_loop=&#8221;yes&#8221; enable_autoplay=&#8221;yes&#8221; enable_navigation=&#8221;yes&#8221; navigation_skin=&#8221;light&#8221; enable_pagination=&#8221;no&#8221; excerpt_length=&#8221;800&#8243; content_top_margin=&#8221;-14&#8243; category=&#8221;construction&#8221;][\/mkdf_elements_holder_item][\/mkdf_elements_holder][\/vc_column][\/vc_row][vc_row row_btt_skin=&#8221;light&#8221; row_background_text_position=&#8221;front&#8221; row_background_text_align=&#8221;left&#8221; row_skin=&#8221;dark&#8221; row_background_text_1=&#8221;Poseno&#8221; row_background_text_size=&#8221;180px&#8221; row_background_text_padding_left=&#8221;238px&#8221; row_background_text_padding_top=&#8221;65px&#8221; row_background_text_color=&#8221;#dedfe0&#8243; row_background_text_padding_left_1440=&#8221;4.3%&#8221; row_background_text_size_1440=&#8221;180px&#8221; row_background_text_size_1280=&#8221;180px&#8221; row_background_text_padding_left_1280=&#8221;4.3%&#8221;][vc_column][mkdf_elements_holder holder_full_height=&#8221;no&#8221; number_of_columns=&#8221;one-column&#8221; switch_to_one_column=&#8221;&#8221; alignment_one_column=&#8221;&#8221;][mkdf_elements_holder_item item_padding=&#8221;142px 0 0 298px&#8221; item_padding_1367_1600=&#8221;142px 0 0 130px&#8221; item_padding_1025_1366=&#8221;142px 0 0 122px&#8221; item_padding_769_1024=&#8221;96px 0 0 126px&#8221; item_padding_681_768=&#8221;96px 0 0 78px&#8221; item_padding_680=&#8221;99px 0 0 35px&#8221;][vc_column_text]<\/p>\n<h1>Ponosni na<\/h1>\n<p>[\/vc_column_text][\/mkdf_elements_holder_item][\/mkdf_elements_holder][\/vc_column][\/vc_row][vc_row row_content_width=&#8221;grid&#8221; row_btt_skin=&#8221;light&#8221; row_background_text_position=&#8221;front&#8221; row_skin=&#8221;dark&#8221; css=&#8221;.vc_custom_1550070389550{padding-top: 43px !important;padding-bottom: 32px !important;}&#8221;][vc_column][mkdf_elements_holder holder_full_height=&#8221;no&#8221; number_of_columns=&#8221;three-columns&#8221; switch_to_one_column=&#8221;1024&#8243; alignment_one_column=&#8221;&#8221;][mkdf_elements_holder_item item_padding=&#8221;0 20px 0px 0&#8243; item_padding_1367_1600=&#8221;0 20px 0px 0&#8243; item_padding_1025_1366=&#8221;0 20px 0px 0&#8243; item_padding_769_1024=&#8221;0 0 0px 0&#8243; item_padding_681_768=&#8221;0 0 0px 0&#8243; item_padding_680=&#8221;0 0 0px 0&#8243;][mkdf_single_image enable_image_shadow=&#8221;no&#8221; image=&#8221;5249&#8243;][\/mkdf_elements_holder_item][mkdf_elements_holder_item item_padding=&#8221;0 11px 0px 11px&#8221; item_padding_1367_1600=&#8221;0 11px 0px 11px&#8221; item_padding_1025_1366=&#8221;0 11px 0px 11px&#8221; item_padding_769_1024=&#8221;32px 0 32px 0&#8243; item_padding_681_768=&#8221;32px 0 32px 0&#8243; item_padding_680=&#8221;32px 0 32px 0&#8243;][mkdf_icon_with_text type=&#8221;icon-top-centered&#8221; boxed_type=&#8221;yes&#8221; icon_pack=&#8221;dripicons&#8221; dripicon=&#8221;&#8221; title_tag=&#8221;h4&#8243; custom_icon=&#8221;5295&#8243; title=&#8221;Izvo\u0111enje radova&#8221; caption=&#8221;Usluge&#8221; text=&#8221;Investitorima osiguravamo nadzor nad izvedbom ugovorenih radova, obra\u010dunatih koli\u010dina prema gra\u0111evinskoj knjizi kroz usluge projektantskog i stru\u010dnog nadzora nad gradnjom.&#8221; text_top_margin=&#8221;14&#8243; title_top_margin=&#8221;-4&#8243; content_top_padding=&#8221;17&#8243;][\/mkdf_elements_holder_item][mkdf_elements_holder_item item_padding=&#8221;0 0px 0px 19px&#8221; item_padding_1367_1600=&#8221;0 0px 0px 20px&#8221; item_padding_1025_1366=&#8221;0 0px 0px 19px&#8221; item_padding_769_1024=&#8221;0 0 0px 0&#8243; item_padding_681_768=&#8221;0 0 0px 0&#8243; item_padding_680=&#8221;0 0 0px 0&#8243;][mkdf_single_image enable_image_shadow=&#8221;no&#8221; image=&#8221;95&#8243;][\/mkdf_elements_holder_item][\/mkdf_elements_holder][\/vc_column][\/vc_row][vc_row row_content_width=&#8221;grid&#8221; row_btt_skin=&#8221;light&#8221; row_background_text_position=&#8221;front&#8221; row_skin=&#8221;dark&#8221; css=&#8221;.vc_custom_1556015070818{padding-bottom: 126px !important;}&#8221;][vc_column][mkdf_elements_holder holder_full_height=&#8221;no&#8221; number_of_columns=&#8221;three-columns&#8221; switch_to_one_column=&#8221;1024&#8243; alignment_one_column=&#8221;&#8221;][mkdf_elements_holder_item item_padding=&#8221;0 20px 0px 0&#8243; item_padding_1367_1600=&#8221;0px 20px 0px 0&#8243; item_padding_1025_1366=&#8221;0 20px 0px 0&#8243; item_padding_769_1024=&#8221;0 0 0 0&#8243; item_padding_681_768=&#8221;0 0 0 0&#8243; item_padding_680=&#8221;0 0 0 0&#8243;][mkdf_icon_with_text type=&#8221;icon-top-centered&#8221; boxed_type=&#8221;yes&#8221; icon_pack=&#8221;dripicons&#8221; dripicon=&#8221;&#8221; title_tag=&#8221;&#8221; custom_icon=&#8221;5296&#8243; title=&#8221;Projektovanje&#8221; caption=&#8221;Usluge&#8221; text=&#8221;Projektovanje se vr\u0161i u saradnji sa arhitektama i in\u017eenjerima (gra\u0111evinski, elektrotehni\u010dki, ma\u0161inski).&#8221; link=&#8221;https:\/\/wilmer.qodeinteractive.com\/portfolio-item\/montfoort-building\/&#8221; title_top_margin=&#8221;-4&#8243; text_top_margin=&#8221;14&#8243; content_top_padding=&#8221;17&#8243;][\/mkdf_elements_holder_item][mkdf_elements_holder_item item_padding=&#8221;0 11px 0px 11px&#8221; item_padding_1367_1600=&#8221;0px 9px 0px 9px&#8221; item_padding_1025_1366=&#8221;0 11px 0px 11px&#8221; item_padding_769_1024=&#8221;32px 0 32px 0&#8243; item_padding_681_768=&#8221;32px 0 32px 0&#8243; item_padding_680=&#8221;32px 0 32px 0&#8243;][mkdf_single_image enable_image_shadow=&#8221;no&#8221; image=&#8221;96&#8243;][\/mkdf_elements_holder_item][mkdf_elements_holder_item item_padding=&#8221;0 0px 0px 19px&#8221; item_padding_1367_1600=&#8221;px 0px 0px 20px&#8221; item_padding_1025_1366=&#8221;0 0px 0px 19px&#8221; item_padding_769_1024=&#8221;0 0 0 0&#8243; item_padding_681_768=&#8221;0 0 0 0&#8243; item_padding_680=&#8221;0 0 0 0&#8243;][mkdf_icon_with_text type=&#8221;icon-top-centered&#8221; boxed_type=&#8221;yes&#8221; icon_pack=&#8221;dripicons&#8221; dripicon=&#8221;&#8221; title_tag=&#8221;&#8221; custom_icon=&#8221;5297&#8243; title=&#8221;Adaptacije i dogradnje&#8221; caption=&#8221;Usluge&#8221; text=&#8221;Mi Vam mo\u017eemo pomo\u0107i da funkcionalno rije\u0161ite mnoge pote\u0161ko\u0107e kao i da vizuelno uljep\u0161ate svoj dom ili radni prostor.&#8221; link=&#8221;https:\/\/wilmer.qodeinteractive.com\/portfolio-item\/beauty-of-corten\/&#8221; title_top_margin=&#8221;-4&#8243; text_top_margin=&#8221;14&#8243; content_top_padding=&#8221;17&#8243;][\/mkdf_elements_holder_item][\/mkdf_elements_holder][\/vc_column][\/vc_row][vc_row row_content_width=&#8221;grid&#8221; row_btt_skin=&#8221;light&#8221; disable_background_image=&#8221;&#8221; row_background_text_position=&#8221;front&#8221; row_skin=&#8221;dark&#8221; css=&#8221;.vc_custom_1624872943871{padding-top: 113px !important;padding-bottom: 113px !important;}&#8221; simple_background_image=&#8221;6866&#8243;][vc_column offset=&#8221;vc_col-lg-offset-6 vc_col-lg-6&#8243; css=&#8221;.vc_custom_1552640997654{padding-right: 15px !important;padding-left: 28px !important;}&#8221; el_class=&#8221;.mkdf-different-button-hover&#8221;][mkdf_elements_holder holder_full_height=&#8221;no&#8221; number_of_columns=&#8221;one-column&#8221; switch_to_one_column=&#8221;&#8221; alignment_one_column=&#8221;&#8221;][mkdf_elements_holder_item item_padding=&#8221;76px 100px 85px 106px&#8221; item_padding_1025_1366=&#8221;76px 90px 85px 90px&#8221; item_padding_769_1024=&#8221;76px 280px 85px 86px&#8221; item_padding_680=&#8221;35px 20px 45px 22px&#8221; item_padding_681_768=&#8221;76px 110px 85px 120px&#8221; item_padding_1367_1600=&#8221;76px 112px 85px 106px&#8221; custom_class=&#8221;mkdf-appearing-section mkdf-eh-item-project&#8221;][mkdf_section_title type=&#8221;standard&#8221; position=&#8221;&#8221; title_tag=&#8221;h2&#8243; disable_break_words=&#8221;no&#8221; text_tag=&#8221;&#8221; text_font_weight=&#8221;400&#8243; title=&#8221;Stambene jedinice&#8221; title_break_words=&#8221;2&#8243; text=&#8221;Projektovanje zgrade podrazumeva da se ideja pretvori u idejno re\u0161enje odnosno gotov projekat.&#8221; title_color=&#8221;#ffffff&#8221; text_color=&#8221;#ffffff&#8221; text_margin=&#8221;20&#8243; intro_title=&#8221;Na\u0161e usluge &#8211; Projektovanje&#8221; intro_title_color=&#8221;#ffffff&#8221; text_font_size=&#8221;18&#8243; text_line_height=&#8221;26&#8243;][vc_empty_space][mkdf_button text=&#8221;Read More&#8221; target=&#8221;_self&#8221; icon_pack=&#8221;&#8221; font_weight=&#8221;&#8221; text_transform=&#8221;&#8221; link=&#8221;https:\/\/mvoinzenjering.com\/NOVONOVO\/portfolio\/standard\/&#8221; background_color=&#8221;#ffffff&#8221; border_color=&#8221;#ffffff&#8221; color=&#8221;#f86b24&#8243; hover_color=&#8221;#f86b24&#8243; padding=&#8221;7px 38px&#8221;][\/mkdf_elements_holder_item][\/mkdf_elements_holder][\/vc_column][\/vc_row][vc_row row_content_width=&#8221;grid&#8221; row_btt_skin=&#8221;light&#8221; enable_bg_pattern=&#8221;yes&#8221; row_background_text_position=&#8221;front&#8221; row_skin=&#8221;dark&#8221; css=&#8221;.vc_custom_1556017043929{padding-top: 50px !important;padding-bottom: 48px !important;}&#8221;][vc_column offset=&#8221;vc_col-lg-offset-0 vc_col-lg-12 vc_col-md-offset-0 vc_col-md-12 vc_col-sm-offset-0&#8243;][mkdf_elements_holder holder_full_height=&#8221;no&#8221; number_of_columns=&#8221;two-columns&#8221; switch_to_one_column=&#8221;1024&#8243; alignment_one_column=&#8221;&#8221;][mkdf_elements_holder_item item_padding=&#8221;0 0 0 0&#8243; item_padding_769_1024=&#8221;0px 0px 0 0px&#8221; item_padding_681_768=&#8221;0px 0px 0 0px&#8221; item_padding_680=&#8221;0px 0px 0 0px&#8221; item_padding_1367_1600=&#8221;0px 0px 0 0px&#8221; item_padding_1025_1366=&#8221;0px 0px 0 0px&#8221; custom_class=&#8221;mkdf-appearing-section&#8221;][mkdf_single_image enable_image_shadow=&#8221;no&#8221; image=&#8221;6871&#8243;][\/mkdf_elements_holder_item][mkdf_elements_holder_item item_padding=&#8221;0px 0px 9px 0px&#8221; item_padding_769_1024=&#8221;0 0 0 0&#8243; item_padding_681_768=&#8221;0 0 0 0&#8243; item_padding_680=&#8221;0 0 0 0&#8243; item_padding_1367_1600=&#8221;0 0 23px 0&#8243; item_padding_1025_1366=&#8221;35px 0 0px 0&#8243; custom_class=&#8221;mkdf-accordion-height-fix&#8221;][mkdf_accordion background_skin=&#8221;white&#8221;][mkdf_accordion_tab title_tag=&#8221;h4&#8243; title=&#8221;Stambeni objekti&#8221;][vc_column_text]Projektovanje\u00a0se\u00a0vr\u0161i u saradnji sa arhitektama i in\u017eenjerima (gra\u0111evinski, elektrotehni\u010dki, ma\u0161inski).[\/vc_column_text][\/mkdf_accordion_tab][mkdf_accordion_tab title_tag=&#8221;h4&#8243; title=&#8221;Enterijeri&#8221;][vc_column_text]<b>Enterijer<\/b>\u00a0ili\u00a0<b>interijer<\/b>\u00a0ozna\u010dava unutra\u0161nji prostor nekakvog objekta naj\u010de\u0161\u0107e gra\u0111evine.[\/vc_column_text][\/mkdf_accordion_tab][mkdf_accordion_tab title_tag=&#8221;h4&#8243; title=&#8221;Poslovni objekti&#8221;][vc_column_text]Poslovni\u00a0objekti, kao \u0161to im i samo ime govori nisu jednaki stambenima, koji su namijenjeni osobnim potrebama.[\/vc_column_text][\/mkdf_accordion_tab][mkdf_accordion_tab title_tag=&#8221;h4&#8243; title=&#8221;Adaptacije i dogradnje&#8221;][vc_column_text]Malo bi ljudi moglo re\u0107i da \u017eivi ili radi u prostoru koji u potpunosti\u00a0zadovoljava njihove potrebe. Mnogo je vi\u0161e onih \u010diji prostori obiluju\u00a0nedostacima.[\/vc_column_text][\/mkdf_accordion_tab][\/mkdf_accordion][\/mkdf_elements_holder_item][\/mkdf_elements_holder][\/vc_column][\/vc_row][vc_row row_btt_skin=&#8221;light&#8221; row_background_text_position=&#8221;front&#8221; row_skin=&#8221;dark&#8221; css=&#8221;.vc_custom_1544109481237{padding-top: 80px !important;}&#8221;][vc_column][\/vc_column][\/vc_row][vc_row row_btt_skin=&#8221;light&#8221; row_background_text_position=&#8221;front&#8221; row_background_text_align=&#8221;left&#8221; row_skin=&#8221;light&#8221; row_background_text_1=&#8221;Najnovije&#8221; row_background_text_size=&#8221;180px&#8221; row_background_text_padding_left=&#8221;238px&#8221; row_background_text_padding_top=&#8221;65px&#8221; row_background_text_color=&#8221;#1e3c6f&#8221; simple_background_color=&#8221;#00235a&#8221; row_background_text_padding_left_1440=&#8221;4.3%&#8221; row_background_text_size_1440=&#8221;180px&#8221; row_background_text_size_1280=&#8221;180px&#8221; row_background_text_padding_left_1280=&#8221;4.3%&#8221;][vc_column][mkdf_elements_holder holder_full_height=&#8221;no&#8221; number_of_columns=&#8221;two-columns&#8221; switch_to_one_column=&#8221;680&#8243; alignment_one_column=&#8221;&#8221;][mkdf_elements_holder_item item_padding=&#8221;142px 0 0 298px&#8221; item_padding_1367_1600=&#8221;142px 0 0 130px&#8221; item_padding_1025_1366=&#8221;142px 0 0 122px&#8221; item_padding_769_1024=&#8221;81px 0 0 124px&#8221; item_padding_681_768=&#8221;96px 0 0px 73px&#8221; item_padding_680=&#8221;99px 0 0 35px&#8221;][vc_column_text]<\/p>\n<h1><a style=\"color: #ffffff;\">Novosti<\/a><\/h1>\n<p>[\/vc_column_text][\/mkdf_elements_holder_item][mkdf_elements_holder_item item_padding=&#8221;152px 0 0 490px&#8221; item_padding_1367_1600=&#8221;152px 0 0 490px&#8221; item_padding_1025_1366=&#8221;152px 0 0 389px&#8221; item_padding_769_1024=&#8221;129px 0 17px 224px&#8221; item_padding_681_768=&#8221;81px 0 17px 142px&#8221; item_padding_680=&#8221;14px 0 17px 35px&#8221;][mkdf_button type=&#8221;simple&#8221; text=&#8221;Pogledajte sve novosti&#8221; target=&#8221;_self&#8221; icon_pack=&#8221;font_elegant&#8221; fe_icon=&#8221;arrow_carrot-right&#8221; font_weight=&#8221;&#8221; text_transform=&#8221;&#8221; link=&#8221;https:\/\/wilmer.qodeinteractive.com\/blog\/right-sidebar\/&#8221; color=&#8221;#ffffff&#8221; hover_color=&#8221;#ffffff&#8221; custom_class=&#8221;mkdf-orange-button-dark-shadow&#8221;][\/mkdf_elements_holder_item][\/mkdf_elements_holder][\/vc_column][\/vc_row][vc_row row_content_width=&#8221;grid&#8221; row_btt_skin=&#8221;light&#8221; row_background_text_position=&#8221;front&#8221; row_skin=&#8221;light&#8221; css=&#8221;.vc_custom_1556016532045{padding-top: 43px !important;padding-bottom: 130px !important;}&#8221; simple_background_color=&#8221;#00235a&#8221;][vc_column][mkdf_blog_list type=&#8221;boxed&#8221; number_of_columns=&#8221;three&#8221; space_between_items=&#8221;normal&#8221; orderby=&#8221;date&#8221; order=&#8221;DESC&#8221; image_size=&#8221;full&#8221; post_info_author=&#8221;no&#8221; post_info_category=&#8221;no&#8221; number_of_posts=&#8221;3&#8243; excerpt_length=&#8221;0&#8243; category=&#8221;novosti&#8221;][\/vc_column][\/vc_row]<\/p>\n","protected":false},"excerpt":{"rendered":"<p>[vc_row row_btt_skin=&#8221;light&#8221; row_background_text_position=&#8221;front&#8221; row_background_text_align=&#8221;left&#8221; row_skin=&#8221;dark&#8221; row_background_text_1=&#8221;Usluge&#8221; row_background_text_size=&#8221;180px&#8221; row_background_text_padding_left=&#8221;238px&#8221; row_background_text_padding_top=&#8221;65px&#8221; row_background_text_padding_left_1440=&#8221;4.3%&#8221; row_background_text_size_1280=&#8221;180px&#8221; row_background_text_padding_left_1280=&#8221;4.3%&#8221; row_background_text_size_1440=&#8221;180px&#8221; row_background_text_color=&#8221;#dedfe0&#8243;][vc_column][mkdf_elements_holder holder_full_height=&#8221;no&#8221; number_of_columns=&#8221;one-column&#8221; switch_to_one_column=&#8221;&#8221; alignment_one_column=&#8221;&#8221;][mkdf_elements_holder_item item_padding=&#8221;142px 0 0 298px&#8221; item_padding_1025_1366=&#8221;142px 0 0 122px&#8221; item_padding_1367_1600=&#8221;142px 0 0 130px&#8221; item_padding_769_1024=&#8221;96px 0 0 125px&#8221; item_padding_681_768=&#8221;96px 0 0 81px&#8221; item_padding_680=&#8221;99px 0 0 35px&#8221;][vc_column_text] Usluge [\/vc_column_text][\/mkdf_elements_holder_item][\/mkdf_elements_holder][\/vc_column][\/vc_row][vc_row row_content_width=&#8221;grid&#8221; row_btt_skin=&#8221;light&#8221; content_text_aligment=&#8221;left&#8221; row_background_text_position=&#8221;front&#8221; row_skin=&#8221;dark&#8221; css=&#8221;.vc_custom_1556014589470{padding-top: 16px !important;padding-bottom: 62px !important;}&#8221;][vc_column width=&#8221;1\/2&#8243; [&hellip;]<\/p>\n","protected":false},"author":1,"featured_media":0,"parent":0,"menu_order":0,"comment_status":"closed","ping_status":"closed","template":"full-width.php","meta":{"_acf_changed":false,"footnotes":""},"class_list":["post-25","page","type-page","status-publish","hentry"],"acf":[],"_links":{"self":[{"href":"https:\/\/mvoinzenjering.com\/NOVONOVO\/wp-json\/wp\/v2\/pages\/25","targetHints":{"allow":["GET"]}}],"collection":[{"href":"https:\/\/mvoinzenjering.com\/NOVONOVO\/wp-json\/wp\/v2\/pages"}],"about":[{"href":"https:\/\/mvoinzenjering.com\/NOVONOVO\/wp-json\/wp\/v2\/types\/page"}],"author":[{"embeddable":true,"href":"https:\/\/mvoinzenjering.com\/NOVONOVO\/wp-json\/wp\/v2\/users\/1"}],"replies":[{"embeddable":true,"href":"https:\/\/mvoinzenjering.com\/NOVONOVO\/wp-json\/wp\/v2\/comments?post=25"}],"version-history":[{"count":33,"href":"https:\/\/mvoinzenjering.com\/NOVONOVO\/wp-json\/wp\/v2\/pages\/25\/revisions"}],"predecessor-version":[{"id":6939,"href":"https:\/\/mvoinzenjering.com\/NOVONOVO\/wp-json\/wp\/v2\/pages\/25\/revisions\/6939"}],"wp:attachment":[{"href":"https:\/\/mvoinzenjering.com\/NOVONOVO\/wp-json\/wp\/v2\/media?parent=25"}],"curies":[{"name":"wp","href":"https:\/\/api.w.org\/{rel}","templated":true}]}}